{"id":37723,"date":"2025-06-05T15:18:33","date_gmt":"2025-06-05T13:18:33","guid":{"rendered":"https:\/\/www.jean-michel-lenoir.com\/?page_id=37723"},"modified":"2025-12-08T20:19:36","modified_gmt":"2025-12-08T19:19:36","slug":"livre-horizons","status":"publish","type":"page","link":"https:\/\/jean-michel-lenoir.com\/en\/livre-horizons\/","title":{"rendered":"Book HORIZONS"},"content":{"rendered":"<section class=\"wpb-content-wrapper\"><p>[vc_row][vc_column][vc_column_text]<p>[\/vc_column_text][\/vc_column][\/vc_row][vc_row][vc_column][vc_column_text]<\/p>\n<blockquote>\n<p style=\"text-align: center;\">&#8221; Explore stunning seascapes that bring the beauty of the images to a new level &#8220;<\/p>\n<\/blockquote>\n<p>[\/vc_column_text][\/vc_column][\/vc_row][vc_row][vc_column][vc_column_text]<\/p>\n\r\n<p>[\/vc_column_text][\/vc_column][\/vc_row][vc_row full_width=&#8221;stretch_row_content_no_spaces&#8221;][vc_column width=&#8221;1\/6&#8243;][\/vc_column][vc_column width=&#8221;2\/3&#8243; css=&#8221;.vc_custom_1764840093295{padding-bottom: 80vh !important;background-image: url(https:\/\/www.jean-michel-lenoir.com\/wordpress\/wp-content\/uploads\/Mockup01-4-2-4-Grande-1.jpeg?id=38511) !important;background-position: center !important;background-repeat: no-repeat !important;background-size: contain !important;}&#8221; el_class=&#8221;taz_sectionHeaderFullWidth&#8221;][\/vc_column][vc_column width=&#8221;1\/6&#8243;][\/vc_column][\/vc_row][vc_row][vc_column][vc_column_text]<\/p>\r\n\r\n<p><p>[\/vc_column_text][\/vc_column][\/vc_row][vc_row content_text_aligment=&#8221;center&#8221; css=&#8221;.vc_custom_1595852718060{padding-top: -60px !important;}&#8221;][vc_column][vc_column_text]<\/p>\n<blockquote>\n<p style=\"text-align: center;\">A journey into the four dimensions of the horizon :<\/p>\n<ul>\n<li style=\"text-align: center;\">OCEAN<\/li>\n<li style=\"text-align: center;\">POETRY OF THE CLOUDS<\/li>\n<li style=\"text-align: center;\">NUANCE OF PASTELS<\/li>\n<li style=\"text-align: center;\">CALMING DUSK<\/li>\n<\/ul>\n<\/blockquote>\n<p>[\/vc_column_text][vc_empty_space][\/vc_column][\/vc_row][vc_row][vc_column][vc_column_text]<\/p>\n\r\n<p><p>[\/vc_column_text][\/vc_column][\/vc_row][vc_row full_width=&#8221;stretch_row_content_no_spaces&#8221;][vc_column width=&#8221;1\/6&#8243; css=&#8221;.vc_custom_1629218457354{background-position: center !important;background-repeat: no-repeat !important;background-size: contain !important;}&#8221; el_class=&#8221;taz_sectionHeaderFullWidth&#8221;][\/vc_column][vc_column width=&#8221;5\/12&#8243;][vc_single_image image=&#8221;37682&#8243; img_size=&#8221;full&#8221;][\/vc_column][vc_column width=&#8221;1\/4&#8243; css=&#8221;.vc_custom_1749121291520{padding-top: 1rem !important;padding-right: 2rem !important;padding-bottom: 2rem !important;padding-left: 2rem !important;}&#8221;][vc_column_text]<\/p>\n<blockquote>\n<ul>\n<li><span class=\"Y2IQFc\" lang=\"en\">A new opus in a long-term photographic project on seascapes. <\/span><\/li>\n<li class=\"tw-data-text tw-text-large tw-ta\" dir=\"ltr\" data-placeholder=\"Traduction\" data-ved=\"2ahUKEwie9L6AiemNAxXAXaQEHe3AFagQ3ewLegQICRAU\" aria-label=\"Texte traduit\u00a0: A new opus in a long-term photographic project on landscapes. The fourth installment of a minimalist and unique look at nature, this book takes us on a path of reflection. The path of questioning our relationship with nature and what we want it to become. Between reality and imagination... &quot;horizons&quot; is a look at the world of the sea. A reclamation of the essential where infinity and renewal take on their full meaning. The ambition for beauty in nature, simplicity as a path of vision, the song of the image as a means of expression.\"><span class=\"Y2IQFc\" lang=\"en\">The fourth installment of a minimalist and unique look at nature, this book takes us on a path of thinking. The path of questioning our relationship with nature and what we want it to become. Between reality and imagination&#8230; <\/span><\/li>\n<li dir=\"ltr\" data-placeholder=\"Traduction\" data-ved=\"2ahUKEwie9L6AiemNAxXAXaQEHe3AFagQ3ewLegQICRAU\" aria-label=\"Texte traduit\u00a0: A new opus in a long-term photographic project on landscapes. The fourth installment of a minimalist and unique look at nature, this book takes us on a path of reflection. The path of questioning our relationship with nature and what we want it to become. Between reality and imagination... &quot;horizons&quot; is a look at the world of the sea. A reclamation of the essential where infinity and renewal take on their full meaning. The ambition for beauty in nature, simplicity as a path of vision, the song of the image as a means of expression.\">&#8220;horizons&#8221; explores the universe of the sea. Advocating for the essential, where eternity and rebirth take on their full significance.<\/li>\n<li class=\"tw-data-text tw-text-large tw-ta\" dir=\"ltr\" data-placeholder=\"Traduction\" data-ved=\"2ahUKEwie9L6AiemNAxXAXaQEHe3AFagQ3ewLegQICRAU\" aria-label=\"Texte traduit\u00a0: A new opus in a long-term photographic project on landscapes. The fourth installment of a minimalist and unique look at nature, this book takes us on a path of reflection. The path of questioning our relationship with nature and what we want it to become. Between reality and imagination... &quot;horizons&quot; is a look at the world of the sea. A reclamation of the essential where infinity and renewal take on their full meaning. The ambition for beauty in nature, simplicity as a path of vision, the song of the image as a means of expression.\">Aspiring to beauty in nature, simplicity as a way of seeing things, an image that sings to our eyes, ears, and heart.<\/li>\n<\/ul>\n<p>&nbsp;<\/p>\n<\/blockquote>\n<p>[\/vc_column_text][\/vc_column][vc_column width=&#8221;1\/6&#8243;][\/vc_column][\/vc_row][vc_row row_content_width=&#8221;grid&#8221; css=&#8221;.vc_custom_1595853722308{margin-top: 100px !important;}&#8221;][vc_column width=&#8221;1\/3&#8243;][\/vc_column][vc_column width=&#8221;1\/3&#8243;]<div class=\"eltdf-pricing-tables clearfix  eltdf-one-column eltdf-pt-normal-space\"><div class=\"eltdf-pt-wrapper\"><div class=\"eltdf-price-table\">\n\t<div class=\"eltdf-pt-inner\" style=\"background-color: #f7f7f7\">\n\t\t<ul>\n\t\t\t<li class=\"eltdf-pt-title-holder\">\n\t\t\t\t<span class=\"eltdf-pt-title\" style=\"color: #8c8c8c\">Limited edition - 850 copies<\/span>\n\t\t\t<\/li>\n\t\t\t<li class=\"eltdf-pt-prices\">\n\t\t\t\t<sup class=\"eltdf-pt-value\" >$<\/sup>\n\t\t\t\t<span class=\"eltdf-pt-price\" style=\"color: #a2b0bf\">59 \u20ac<\/span>\n\t\t\t\t\t\t\t\t<div class=\"eltdf-separator-holder clearfix  eltdf-separator-normal\">\n\t\t\t\t\t<div class=\"eltdf-separator\" ><\/div>\n\t\t\t\t<\/div>\n\n\t\t\t<\/li>\n\t\t\t<li class=\"eltdf-pt-content\">\n\t\t\t\t\n<ul>\n<li>156 pages<\/li>\n<li>Size 29 x 30 cm<\/li>\n<li>fully bi-lingual french \/ english<\/li>\n<li>beautiful mat paper : Munken Polar rough for a similar rendering to fine art prints<\/li>\n<li>October 2025<\/li>\n<\/ul>\n\t\t\t<\/li>\n\t\t\t\t\t\t\t<li class=\"eltdf-pt-button\">\n\t\t\t\t\t<a itemprop=\"url\" href=\"https:\/\/buy.stripe.com\/3cI4gA4gYaI08gg7Ap6kg0w\" target=\"_self\"  class=\"eltdf-btn eltdf-btn-large eltdf-btn-outline\"  >    <span class=\"eltdf-btn-text\">Buy now<\/span>    <\/a>\t\t\t\t<\/li>\t\t\t\t\n\t\t\t\t\t<\/ul>\n\t<\/div>\n<\/div><\/div><\/div>[\/vc_column][vc_column width=&#8221;1\/3&#8243;][\/vc_column][\/vc_row][vc_row video_bg=&#8221;yes&#8221; video_bg_url=&#8221;https:\/\/youtu.be\/paiyzljut5g&#8221;][vc_column][vc_column_text]<\/p>\n<h4><span style=\"color: #808080;\">General overview<\/span><\/h4>\n<p>[\/vc_column_text]<div class=\"eltdf-separator-holder clearfix  eltdf-separator-left eltdf-separator-normal\">\n\t<div class=\"eltdf-separator\" ><\/div>\n<\/div>\n[vc_empty_space][vc_single_image image=&#8221;37678&#8243; img_size=&#8221;full&#8221; alignment=&#8221;center&#8221;][vc_empty_space][vc_empty_space height=&#8221;16px&#8221;][\/vc_column][\/vc_row][vc_row][vc_column width=&#8221;1\/4&#8243;][\/vc_column][vc_column width=&#8221;1\/2&#8243;][vc_column_text]<\/p>\n<h4><span style=\"color: #808080;\">Inside<\/span><\/h4>\n<p>[\/vc_column_text]<div class=\"eltdf-separator-holder clearfix  eltdf-separator-left eltdf-separator-normal\">\n\t<div class=\"eltdf-separator\" ><\/div>\n<\/div>\n[vc_empty_space]<div class=\"eltdf-image-gallery\">\n\t<div class=\"eltdf-ig-slider eltdf-owl-slider\" data-number-of-items=\"1\" data-enable-loop=\"yes\" data-enable-auto-width=\"no\" data-enable-autoplay=\"yes\" data-slider-speed=\"5000\" data-slider-speed-animation=\"600\" data-enable-navigation=\"yes\" data-enable-pagination=\"yes\">\n\t\t\t\t\t\t\t\t\t\t\t<img src=\"https:\/\/jean-michel-lenoir.com\/wordpress\/wp-content\/uploads\/Capture-decran-2025-06-05-a-14.41.23-600x400.png\" alt=\"\" width=\"600\" height=\"400\" \/>\t\t\t\t\t\t\t\t\t\t\t\t\t\t\t\t<img src=\"https:\/\/jean-michel-lenoir.com\/wordpress\/wp-content\/uploads\/Capture-decran-2025-06-05-a-14.41.52-600x400.png\" alt=\"\" width=\"600\" height=\"400\" \/>\t\t\t\t\t\t\t\t\t\t\t\t\t\t\t\t<img src=\"https:\/\/jean-michel-lenoir.com\/wordpress\/wp-content\/uploads\/Capture-decran-2025-06-05-a-14.41.44-600x400.png\" alt=\"\" width=\"600\" height=\"400\" \/>\t\t\t\t\t\t\t\t\t\t\t\t\t\t\t\t<img src=\"https:\/\/jean-michel-lenoir.com\/wordpress\/wp-content\/uploads\/Capture-decran-2025-06-05-a-14.41.34-600x400.png\" alt=\"\" width=\"600\" height=\"400\" \/>\t\t\t\t\t\t\t\t\t\t\t\t\t\t\t\t<img src=\"https:\/\/jean-michel-lenoir.com\/wordpress\/wp-content\/uploads\/Capture-decran-2025-06-05-a-14.42.27-600x400.png\" alt=\"\" width=\"600\" height=\"400\" \/>\t\t\t\t\t\t\t\t\t\t\t\t\t\t\t\t<img src=\"https:\/\/jean-michel-lenoir.com\/wordpress\/wp-content\/uploads\/Capture-decran-2025-06-05-a-14.42.03-600x400.png\" alt=\"\" width=\"600\" height=\"400\" \/>\t\t\t\t\t\t\t\t\t\t\t\t\t\t\t\t<img src=\"https:\/\/jean-michel-lenoir.com\/wordpress\/wp-content\/uploads\/Capture-decran-2025-06-05-a-14.42.37-600x400.png\" alt=\"\" width=\"600\" height=\"400\" \/>\t\t\t\t\t\t\t\t<\/div>\n<\/div>[vc_empty_space][\/vc_column][vc_column width=&#8221;1\/4&#8243;][\/vc_column][\/vc_row][vc_row][vc_column][vc_empty_space height=&#8221;16px&#8221;][vc_column_text]<\/p>\n\r\n<p><p>[\/vc_column_text][\/vc_column][\/vc_row][vc_column][\/vc_column][vc_column width=&#8221;1\/4&#8243;][\/vc_column][vc_column width=&#8221;1\/2&#8243;][vc_column_text]<\/p>\n<h4><span style=\"color: #808080;\">Video presentation<\/span><\/h4>\n<p>[\/vc_column_text]<div class=\"eltdf-separator-holder clearfix  eltdf-separator-left eltdf-separator-normal\">\n\t<div class=\"eltdf-separator\" ><\/div>\n<\/div>\n[vc_column_text]<\/p>\n<p>Do not hesitate to pump up the volume !<\/p>\n<p>[\/vc_column_text][vc_empty_space height=&#8221;16px&#8221;]<div class=\"eltdf-video-button-holder\">\n\t<div class=\"eltdf-video-button-image\">\n\t\t<img width=\"1109\" height=\"720\" src=\"https:\/\/jean-michel-lenoir.com\/wordpress\/wp-content\/uploads\/Capture-decran-2025-05-28-a-19.02.04.png\" class=\"attachment-full size-full\" alt=\"\" decoding=\"async\" loading=\"lazy\" srcset=\"https:\/\/jean-michel-lenoir.com\/wordpress\/wp-content\/uploads\/Capture-decran-2025-05-28-a-19.02.04.png 1109w, https:\/\/jean-michel-lenoir.com\/wordpress\/wp-content\/uploads\/Capture-decran-2025-05-28-a-19.02.04-300x195.png 300w, https:\/\/jean-michel-lenoir.com\/wordpress\/wp-content\/uploads\/Capture-decran-2025-05-28-a-19.02.04-1024x665.png 1024w, https:\/\/jean-michel-lenoir.com\/wordpress\/wp-content\/uploads\/Capture-decran-2025-05-28-a-19.02.04-150x97.png 150w, https:\/\/jean-michel-lenoir.com\/wordpress\/wp-content\/uploads\/Capture-decran-2025-05-28-a-19.02.04-768x499.png 768w\" sizes=\"(max-width: 1109px) 100vw, 1109px\" \/>\t<\/div>\n\t\t\t<a class=\"eltdf-video-button-play\" style=\"color: #cccccc\" href=\"https:\/\/youtu.be\/S2ghGdiIV2A?iframe=true\" target=\"_self\" data-rel=\"prettyPhoto[video_button_pretty_photo_221]\">\n\t\t\t<span class=\"eltdf-video-button-play-inner\">\n\t\t\t\t<span class=\"arrow_triangle-right_alt\"><\/span>\n\t\t\t<\/span>\n\t\t<\/a>\n\t<\/div>[vc_column_text]<\/p>\n<p>\u00a9 realization Guillaume Gabriel.<\/p>\n<p>[\/vc_column_text][\/vc_column][vc_column width=&#8221;1\/4&#8243;][\/vc_column]<\/p>\n<\/section>","protected":false},"excerpt":{"rendered":"<p>[vc_row][vc_column][vc_column_text] [\/vc_column_text][\/vc_column][\/vc_row][vc_row full_width=&#8221;stretch_row_content_no_spaces&#8221;][vc_column width=&#8221;1\/6&#8243;][\/vc_column][vc_column width=&#8221;2\/3&#8243; css=&#8221;.vc_custom_1764840093295{padding-bottom: 80vh !important;background-image: url(https:\/\/www.jean-michel-lenoir.com\/wordpress\/wp-content\/uploads\/Mockup01-4-2-4-Grande-1.jpeg?id=38511) !important;background-position: center !important;background-repeat: no-repeat !important;background-size: contain !important;}&#8221; el_class=&#8221;taz_sectionHeaderFullWidth&#8221;][\/vc_column][vc_column width=&#8221;1\/6&#8243;][\/vc_column][\/vc_row][vc_row][vc_column][vc_column_text]<\/p>\n","protected":false},"author":2,"featured_media":0,"parent":0,"menu_order":0,"comment_status":"closed","ping_status":"closed","template":"","meta":{"footnotes":""},"yoast_head":"<!-- This site is optimized with the Yoast SEO plugin v21.2 - https:\/\/yoast.com\/wordpress\/plugins\/seo\/ -->\n<title>Book HORIZONS &#183; Jean-Michel Lenoir Photographe<\/title>\n<meta name=\"description\" content=\"ELEMENTS est un magnifique livre de photographies d&#039;Art. Des ann\u00e9es de qu\u00eates d\u2019ambiances minimalistes et de paysages \u00e9pur\u00e9s concentr\u00e9s dans un recueil po\u00e9tique. Un t\u00e9moignage des beaut\u00e9s sauvages que nous offre la nature dans ce qu\u2019elle a de plus simple et de plus pur. Une immersion aux sources de l&#039;\u00e9merveillement, quand les lignes et les couleurs les plus \u00e9pur\u00e9es deviennent ELEMENTS.\" \/>\n<meta name=\"robots\" content=\"index, follow, max-snippet:-1, max-image-preview:large, max-video-preview:-1\" \/>\n<link rel=\"canonical\" href=\"https:\/\/jean-michel-lenoir.com\/en\/livre-horizons\/\" \/>\n<meta property=\"og:locale\" content=\"en_US\" \/>\n<meta property=\"og:type\" content=\"article\" \/>\n<meta property=\"og:title\" content=\"Book HORIZONS &#183; Jean-Michel Lenoir Photographe\" \/>\n<meta property=\"og:description\" content=\"ELEMENTS est un magnifique livre de photographies d&#039;Art. Des ann\u00e9es de qu\u00eates d\u2019ambiances minimalistes et de paysages \u00e9pur\u00e9s concentr\u00e9s dans un recueil po\u00e9tique. Un t\u00e9moignage des beaut\u00e9s sauvages que nous offre la nature dans ce qu\u2019elle a de plus simple et de plus pur. Une immersion aux sources de l&#039;\u00e9merveillement, quand les lignes et les couleurs les plus \u00e9pur\u00e9es deviennent ELEMENTS.\" \/>\n<meta property=\"og:url\" content=\"https:\/\/jean-michel-lenoir.com\/en\/livre-horizons\/\" \/>\n<meta property=\"og:site_name\" content=\"Jean-Michel Lenoir Photographe\" \/>\n<meta property=\"article:modified_time\" content=\"2025-12-08T19:19:36+00:00\" \/>\n<meta name=\"twitter:card\" content=\"summary_large_image\" \/>\n<meta name=\"twitter:label1\" content=\"Est. reading time\" \/>\n\t<meta name=\"twitter:data1\" content=\"1 minute\" \/>\n<script type=\"application\/ld+json\" class=\"yoast-schema-graph\">{\"@context\":\"https:\/\/schema.org\",\"@graph\":[{\"@type\":\"WebPage\",\"@id\":\"https:\/\/jean-michel-lenoir.com\/en\/livre-horizons\/\",\"url\":\"https:\/\/jean-michel-lenoir.com\/en\/livre-horizons\/\",\"name\":\"Book HORIZONS &#183; Jean-Michel Lenoir Photographe\",\"isPartOf\":{\"@id\":\"https:\/\/www.vie-sauvage.com\/en\/#website\"},\"datePublished\":\"2025-06-05T13:18:33+00:00\",\"dateModified\":\"2025-12-08T19:19:36+00:00\",\"description\":\"ELEMENTS est un magnifique livre de photographies d'Art. Des ann\u00e9es de qu\u00eates d\u2019ambiances minimalistes et de paysages \u00e9pur\u00e9s concentr\u00e9s dans un recueil po\u00e9tique. Un t\u00e9moignage des beaut\u00e9s sauvages que nous offre la nature dans ce qu\u2019elle a de plus simple et de plus pur. Une immersion aux sources de l'\u00e9merveillement, quand les lignes et les couleurs les plus \u00e9pur\u00e9es deviennent ELEMENTS.\",\"breadcrumb\":{\"@id\":\"https:\/\/jean-michel-lenoir.com\/en\/livre-horizons\/#breadcrumb\"},\"inLanguage\":\"en-US\",\"potentialAction\":[{\"@type\":\"ReadAction\",\"target\":[\"https:\/\/jean-michel-lenoir.com\/en\/livre-horizons\/\"]}]},{\"@type\":\"BreadcrumbList\",\"@id\":\"https:\/\/jean-michel-lenoir.com\/en\/livre-horizons\/#breadcrumb\",\"itemListElement\":[{\"@type\":\"ListItem\",\"position\":1,\"name\":\"Accueil\",\"item\":\"https:\/\/www.vie-sauvage.com\/en\/\"},{\"@type\":\"ListItem\",\"position\":2,\"name\":\"Book HORIZONS\"}]},{\"@type\":\"WebSite\",\"@id\":\"https:\/\/www.vie-sauvage.com\/en\/#website\",\"url\":\"https:\/\/www.vie-sauvage.com\/en\/\",\"name\":\"Jean-Michel Lenoir Photographe\",\"description\":\"Photographies de nature et de paysages\",\"publisher\":{\"@id\":\"https:\/\/www.vie-sauvage.com\/en\/#\/schema\/person\/abf4dcb6fe9fca2efc12dd758650120b\"},\"potentialAction\":[{\"@type\":\"SearchAction\",\"target\":{\"@type\":\"EntryPoint\",\"urlTemplate\":\"https:\/\/www.vie-sauvage.com\/en\/?s={search_term_string}\"},\"query-input\":\"required name=search_term_string\"}],\"inLanguage\":\"en-US\"},{\"@type\":[\"Person\",\"Organization\"],\"@id\":\"https:\/\/www.vie-sauvage.com\/en\/#\/schema\/person\/abf4dcb6fe9fca2efc12dd758650120b\",\"name\":\"Jean-Michel Lenoir\",\"image\":{\"@type\":\"ImageObject\",\"inLanguage\":\"en-US\",\"@id\":\"https:\/\/www.vie-sauvage.com\/en\/#\/schema\/person\/image\/\",\"url\":\"https:\/\/secure.gravatar.com\/avatar\/300310c5c280bb2e2edd022749b6663c?s=96&r=g\",\"contentUrl\":\"https:\/\/secure.gravatar.com\/avatar\/300310c5c280bb2e2edd022749b6663c?s=96&r=g\",\"caption\":\"Jean-Michel Lenoir\"},\"logo\":{\"@id\":\"https:\/\/www.vie-sauvage.com\/en\/#\/schema\/person\/image\/\"},\"sameAs\":[\"https:\/\/jean-michel-lenoir.com\"]}]}<\/script>\n<!-- \/ Yoast SEO plugin. -->","yoast_head_json":{"title":"Book HORIZONS &#183; Jean-Michel Lenoir Photographe","description":"ELEMENTS est un magnifique livre de photographies d'Art. Des ann\u00e9es de qu\u00eates d\u2019ambiances minimalistes et de paysages \u00e9pur\u00e9s concentr\u00e9s dans un recueil po\u00e9tique. Un t\u00e9moignage des beaut\u00e9s sauvages que nous offre la nature dans ce qu\u2019elle a de plus simple et de plus pur. Une immersion aux sources de l'\u00e9merveillement, quand les lignes et les couleurs les plus \u00e9pur\u00e9es deviennent ELEMENTS.","robots":{"index":"index","follow":"follow","max-snippet":"max-snippet:-1","max-image-preview":"max-image-preview:large","max-video-preview":"max-video-preview:-1"},"canonical":"https:\/\/jean-michel-lenoir.com\/en\/livre-horizons\/","og_locale":"en_US","og_type":"article","og_title":"Book HORIZONS &#183; Jean-Michel Lenoir Photographe","og_description":"ELEMENTS est un magnifique livre de photographies d'Art. Des ann\u00e9es de qu\u00eates d\u2019ambiances minimalistes et de paysages \u00e9pur\u00e9s concentr\u00e9s dans un recueil po\u00e9tique. Un t\u00e9moignage des beaut\u00e9s sauvages que nous offre la nature dans ce qu\u2019elle a de plus simple et de plus pur. Une immersion aux sources de l'\u00e9merveillement, quand les lignes et les couleurs les plus \u00e9pur\u00e9es deviennent ELEMENTS.","og_url":"https:\/\/jean-michel-lenoir.com\/en\/livre-horizons\/","og_site_name":"Jean-Michel Lenoir Photographe","article_modified_time":"2025-12-08T19:19:36+00:00","twitter_card":"summary_large_image","twitter_misc":{"Est. reading time":"1 minute"},"schema":{"@context":"https:\/\/schema.org","@graph":[{"@type":"WebPage","@id":"https:\/\/jean-michel-lenoir.com\/en\/livre-horizons\/","url":"https:\/\/jean-michel-lenoir.com\/en\/livre-horizons\/","name":"Book HORIZONS &#183; Jean-Michel Lenoir Photographe","isPartOf":{"@id":"https:\/\/www.vie-sauvage.com\/en\/#website"},"datePublished":"2025-06-05T13:18:33+00:00","dateModified":"2025-12-08T19:19:36+00:00","description":"ELEMENTS est un magnifique livre de photographies d'Art. Des ann\u00e9es de qu\u00eates d\u2019ambiances minimalistes et de paysages \u00e9pur\u00e9s concentr\u00e9s dans un recueil po\u00e9tique. Un t\u00e9moignage des beaut\u00e9s sauvages que nous offre la nature dans ce qu\u2019elle a de plus simple et de plus pur. Une immersion aux sources de l'\u00e9merveillement, quand les lignes et les couleurs les plus \u00e9pur\u00e9es deviennent ELEMENTS.","breadcrumb":{"@id":"https:\/\/jean-michel-lenoir.com\/en\/livre-horizons\/#breadcrumb"},"inLanguage":"en-US","potentialAction":[{"@type":"ReadAction","target":["https:\/\/jean-michel-lenoir.com\/en\/livre-horizons\/"]}]},{"@type":"BreadcrumbList","@id":"https:\/\/jean-michel-lenoir.com\/en\/livre-horizons\/#breadcrumb","itemListElement":[{"@type":"ListItem","position":1,"name":"Accueil","item":"https:\/\/www.vie-sauvage.com\/en\/"},{"@type":"ListItem","position":2,"name":"Book HORIZONS"}]},{"@type":"WebSite","@id":"https:\/\/www.vie-sauvage.com\/en\/#website","url":"https:\/\/www.vie-sauvage.com\/en\/","name":"Jean-Michel Lenoir Photographe","description":"Photographies de nature et de paysages","publisher":{"@id":"https:\/\/www.vie-sauvage.com\/en\/#\/schema\/person\/abf4dcb6fe9fca2efc12dd758650120b"},"potentialAction":[{"@type":"SearchAction","target":{"@type":"EntryPoint","urlTemplate":"https:\/\/www.vie-sauvage.com\/en\/?s={search_term_string}"},"query-input":"required name=search_term_string"}],"inLanguage":"en-US"},{"@type":["Person","Organization"],"@id":"https:\/\/www.vie-sauvage.com\/en\/#\/schema\/person\/abf4dcb6fe9fca2efc12dd758650120b","name":"Jean-Michel Lenoir","image":{"@type":"ImageObject","inLanguage":"en-US","@id":"https:\/\/www.vie-sauvage.com\/en\/#\/schema\/person\/image\/","url":"https:\/\/secure.gravatar.com\/avatar\/300310c5c280bb2e2edd022749b6663c?s=96&r=g","contentUrl":"https:\/\/secure.gravatar.com\/avatar\/300310c5c280bb2e2edd022749b6663c?s=96&r=g","caption":"Jean-Michel Lenoir"},"logo":{"@id":"https:\/\/www.vie-sauvage.com\/en\/#\/schema\/person\/image\/"},"sameAs":["https:\/\/jean-michel-lenoir.com"]}]}},"_links":{"self":[{"href":"https:\/\/jean-michel-lenoir.com\/en\/wp-json\/wp\/v2\/pages\/37723"}],"collection":[{"href":"https:\/\/jean-michel-lenoir.com\/en\/wp-json\/wp\/v2\/pages"}],"about":[{"href":"https:\/\/jean-michel-lenoir.com\/en\/wp-json\/wp\/v2\/types\/page"}],"author":[{"embeddable":true,"href":"https:\/\/jean-michel-lenoir.com\/en\/wp-json\/wp\/v2\/users\/2"}],"replies":[{"embeddable":true,"href":"https:\/\/jean-michel-lenoir.com\/en\/wp-json\/wp\/v2\/comments?post=37723"}],"version-history":[{"count":115,"href":"https:\/\/jean-michel-lenoir.com\/en\/wp-json\/wp\/v2\/pages\/37723\/revisions"}],"predecessor-version":[{"id":37899,"href":"https:\/\/jean-michel-lenoir.com\/en\/wp-json\/wp\/v2\/pages\/37723\/revisions\/37899"}],"wp:attachment":[{"href":"https:\/\/jean-michel-lenoir.com\/en\/wp-json\/wp\/v2\/media?parent=37723"}],"curies":[{"name":"wp","href":"https:\/\/api.w.org\/{rel}","templated":true}]}}